{"id":984,"date":"2026-03-23T13:58:21","date_gmt":"2026-03-23T13:58:21","guid":{"rendered":"https:\/\/heuristic-euler.92-205-185-44.plesk.page\/?page_id=984"},"modified":"2026-04-21T11:19:25","modified_gmt":"2026-04-21T11:19:25","slug":"verschenken","status":"publish","type":"page","link":"https:\/\/tablo-restaurant.de\/en\/verschenken\/","title":{"rendered":"to give away"},"content":{"rendered":"<div data-elementor-type=\"wp-page\" data-elementor-id=\"984\" class=\"elementor elementor-984\" data-elementor-post-type=\"page\">\n\t\t\t\t<div data-particle_enable=\"false\" data-particle-mobile-disabled=\"false\" class=\"elementor-element elementor-element-909982f e-flex e-con-boxed e-con e-parent\" data-id=\"909982f\" data-element_type=\"container\" data-e-type=\"container\" data-settings=\"{&quot;background_background&quot;:&quot;classic&quot;}\">\n\t\t\t\t\t<div class=\"e-con-inner\">\n\t\t<div data-particle_enable=\"false\" data-particle-mobile-disabled=\"false\" class=\"elementor-element elementor-element-2ade1214 e-con-full e-flex e-con e-child\" data-id=\"2ade1214\" data-element_type=\"container\" data-e-type=\"container\" data-settings=\"{&quot;background_background&quot;:&quot;classic&quot;}\">\n\t\t\t\t<div class=\"elementor-element elementor-element-58c7d797 elementor-widget elementor-widget-heading\" data-id=\"58c7d797\" data-element_type=\"widget\" data-e-type=\"widget\" data-widget_type=\"heading.default\">\n\t\t\t\t\t\t\t<h2 class=\"elementor-heading-title elementor-size-default\">A lasting pleasure.\n<\/h2>\t\t\t\t<\/div>\n\t\t\t\t<div class=\"elementor-element elementor-element-41db9d5d elementor-widget elementor-widget-heading\" data-id=\"41db9d5d\" data-element_type=\"widget\" data-e-type=\"widget\" data-widget_type=\"heading.default\">\n\t\t\t\t\t\t\t<h4 class=\"elementor-heading-title elementor-size-default\">Whether it&#039;s special evenings or selected products \u2013 with Tablo you give more than a gift: a feeling.<\/h4>\t\t\t\t<\/div>\n\t\t\t\t<\/div>\n\t\t\t\t\t<\/div>\n\t\t\t\t<\/div>\n\t\t<div data-particle_enable=\"false\" data-particle-mobile-disabled=\"false\" class=\"elementor-element elementor-element-a1edc41 e-flex e-con-boxed e-con e-parent\" data-id=\"a1edc41\" data-element_type=\"container\" data-e-type=\"container\">\n\t\t\t\t\t<div class=\"e-con-inner\">\n\t\t<div data-particle_enable=\"false\" data-particle-mobile-disabled=\"false\" class=\"elementor-element elementor-element-4bc00e5 e-con-full e-flex e-con e-child\" data-id=\"4bc00e5\" data-element_type=\"container\" data-e-type=\"container\">\n\t\t\t\t<div class=\"elementor-element elementor-element-a93308d elementor-widget elementor-widget-heading\" data-id=\"a93308d\" data-element_type=\"widget\" data-e-type=\"widget\" data-widget_type=\"heading.default\">\n\t\t\t\t\t\t\t<h2 class=\"elementor-heading-title elementor-size-default\">Coupon<\/h2>\t\t\t\t<\/div>\n\t\t\t\t<div class=\"elementor-element elementor-element-631b874 elementor-widget elementor-widget-image\" data-id=\"631b874\" data-element_type=\"widget\" data-e-type=\"widget\" data-widget_type=\"image.default\">\n\t\t\t\t\t\t\t\t\t\t\t\t\t\t\t\t\t<img fetchpriority=\"high\" decoding=\"async\" width=\"1024\" height=\"534\" src=\"https:\/\/tablo-restaurant.de\/wp-content\/uploads\/2026\/04\/tablo-gutschein-1024x534.jpg\" class=\"attachment-large size-large wp-image-1505\" alt=\"\" srcset=\"https:\/\/tablo-restaurant.de\/wp-content\/uploads\/2026\/04\/tablo-gutschein-1024x534.jpg 1024w, https:\/\/tablo-restaurant.de\/wp-content\/uploads\/2026\/04\/tablo-gutschein-300x157.jpg 300w, https:\/\/tablo-restaurant.de\/wp-content\/uploads\/2026\/04\/tablo-gutschein-768x401.jpg 768w, https:\/\/tablo-restaurant.de\/wp-content\/uploads\/2026\/04\/tablo-gutschein-18x9.jpg 18w, https:\/\/tablo-restaurant.de\/wp-content\/uploads\/2026\/04\/tablo-gutschein.jpg 1366w\" sizes=\"(max-width: 1024px) 100vw, 1024px\" \/>\t\t\t\t\t\t\t\t\t\t\t\t\t\t\t<\/div>\n\t\t\t\t<div class=\"elementor-element elementor-element-cbecf61 elementor-widget elementor-widget-text-editor\" data-id=\"cbecf61\" data-element_type=\"widget\" data-e-type=\"widget\" data-widget_type=\"text-editor.default\">\n\t\t\t\t\t\t\t\t\t\t\t<p>Give the gift of more than just a meal: an evening full of flavor, atmosphere and shared time at Tablo.<\/p>\t\t\t\t\t\t\t\t<\/div>\n\t\t\t\t<div class=\"elementor-element elementor-element-907a1ad elementor-align-center elementor-widget elementor-widget-button\" data-id=\"907a1ad\" data-element_type=\"widget\" data-e-type=\"widget\" data-widget_type=\"button.default\">\n\t\t\t\t\t\t\t\t\t\t\t\t<a class=\"elementor-button elementor-button-link elementor-size-sm\" href=\"#elementor-action%3Aaction%3Dpopup%3Aopen%26settings%3DeyJpZCI6IjE1NzgiLCJ0b2dnbGUiOmZhbHNlfQ%3D%3D\">\n\t\t\t\t\t\t<span class=\"elementor-button-content-wrapper\">\n\t\t\t\t\t\t\t\t\t<span class=\"elementor-button-text\">Order a voucher<\/span>\n\t\t\t\t\t<\/span>\n\t\t\t\t\t<\/a>\n\t\t\t\t\t\t\t\t<\/div>\n\t\t\t\t<\/div>\n\t\t<div data-particle_enable=\"false\" data-particle-mobile-disabled=\"false\" class=\"elementor-element elementor-element-0f98ed6 e-con-full e-flex e-con e-child\" data-id=\"0f98ed6\" data-element_type=\"container\" data-e-type=\"container\">\n\t\t\t\t<div class=\"elementor-element elementor-element-8eff70b elementor-widget elementor-widget-heading\" data-id=\"8eff70b\" data-element_type=\"widget\" data-e-type=\"widget\" data-widget_type=\"heading.default\">\n\t\t\t\t\t\t\t<h2 class=\"elementor-heading-title elementor-size-default\">olive oil<\/h2>\t\t\t\t<\/div>\n\t\t\t\t<div class=\"elementor-element elementor-element-6cc2752 elementor-widget elementor-widget-image\" data-id=\"6cc2752\" data-element_type=\"widget\" data-e-type=\"widget\" data-widget_type=\"image.default\">\n\t\t\t\t\t\t\t\t\t\t\t\t\t\t\t\t\t<img decoding=\"async\" width=\"822\" height=\"1024\" src=\"https:\/\/tablo-restaurant.de\/wp-content\/uploads\/2026\/04\/Olivenoel-822x1024.jpg\" class=\"attachment-large size-large wp-image-1516\" alt=\"\" srcset=\"https:\/\/tablo-restaurant.de\/wp-content\/uploads\/2026\/04\/Olivenoel-822x1024.jpg 822w, https:\/\/tablo-restaurant.de\/wp-content\/uploads\/2026\/04\/Olivenoel-241x300.jpg 241w, https:\/\/tablo-restaurant.de\/wp-content\/uploads\/2026\/04\/Olivenoel-768x956.jpg 768w, https:\/\/tablo-restaurant.de\/wp-content\/uploads\/2026\/04\/Olivenoel-10x12.jpg 10w, https:\/\/tablo-restaurant.de\/wp-content\/uploads\/2026\/04\/Olivenoel.jpg 1028w\" sizes=\"(max-width: 822px) 100vw, 822px\" \/>\t\t\t\t\t\t\t\t\t\t\t\t\t\t\t<\/div>\n\t\t\t\t<div class=\"elementor-element elementor-element-fed3ba4 elementor-widget elementor-widget-text-editor\" data-id=\"fed3ba4\" data-element_type=\"widget\" data-e-type=\"widget\" data-widget_type=\"text-editor.default\">\n\t\t\t\t\t\t\t\t\t\t\t<p>A touch of Mediterranean cuisine for your home: Our olive oil stands for quality, character and the aromas that define Tablo.<\/p>\t\t\t\t\t\t\t\t<\/div>\n\t\t\t\t<div class=\"elementor-element elementor-element-7d2402a elementor-align-center elementor-widget elementor-widget-button\" data-id=\"7d2402a\" data-element_type=\"widget\" data-e-type=\"widget\" data-widget_type=\"button.default\">\n\t\t\t\t\t\t\t\t\t\t\t\t<a class=\"elementor-button elementor-button-link elementor-size-sm\" href=\"#elementor-action%3Aaction%3Dpopup%3Aopen%26settings%3DeyJpZCI6IjE2MTMiLCJ0b2dnbGUiOmZhbHNlfQ%3D%3D\">\n\t\t\t\t\t\t<span class=\"elementor-button-content-wrapper\">\n\t\t\t\t\t\t\t\t\t<span class=\"elementor-button-text\">Order olive oil<\/span>\n\t\t\t\t\t<\/span>\n\t\t\t\t\t<\/a>\n\t\t\t\t\t\t\t\t<\/div>\n\t\t\t\t<\/div>\n\t\t<div data-particle_enable=\"false\" data-particle-mobile-disabled=\"false\" class=\"elementor-element elementor-element-41e0552 e-con-full e-flex e-con e-child\" data-id=\"41e0552\" data-element_type=\"container\" data-e-type=\"container\">\n\t\t\t\t<div class=\"elementor-element elementor-element-3aecdc4 elementor-widget elementor-widget-heading\" data-id=\"3aecdc4\" data-element_type=\"widget\" data-e-type=\"widget\" data-widget_type=\"heading.default\">\n\t\t\t\t\t\t\t<h2 class=\"elementor-heading-title elementor-size-default\">Pomegranate syrup<\/h2>\t\t\t\t<\/div>\n\t\t\t\t<div class=\"elementor-element elementor-element-dcface8 elementor-widget elementor-widget-image\" data-id=\"dcface8\" data-element_type=\"widget\" data-e-type=\"widget\" data-widget_type=\"image.default\">\n\t\t\t\t\t\t\t\t\t\t\t\t\t\t\t\t\t<img decoding=\"async\" width=\"819\" height=\"1024\" src=\"https:\/\/tablo-restaurant.de\/wp-content\/uploads\/2026\/04\/Granatapfelsirup-819x1024.jpg\" class=\"attachment-large size-large wp-image-1517\" alt=\"\" srcset=\"https:\/\/tablo-restaurant.de\/wp-content\/uploads\/2026\/04\/Granatapfelsirup-819x1024.jpg 819w, https:\/\/tablo-restaurant.de\/wp-content\/uploads\/2026\/04\/Granatapfelsirup-240x300.jpg 240w, https:\/\/tablo-restaurant.de\/wp-content\/uploads\/2026\/04\/Granatapfelsirup-768x960.jpg 768w, https:\/\/tablo-restaurant.de\/wp-content\/uploads\/2026\/04\/Granatapfelsirup-10x12.jpg 10w, https:\/\/tablo-restaurant.de\/wp-content\/uploads\/2026\/04\/Granatapfelsirup.jpg 1024w\" sizes=\"(max-width: 819px) 100vw, 819px\" \/>\t\t\t\t\t\t\t\t\t\t\t\t\t\t\t<\/div>\n\t\t\t\t<div class=\"elementor-element elementor-element-593629d elementor-widget elementor-widget-text-editor\" data-id=\"593629d\" data-element_type=\"widget\" data-e-type=\"widget\" data-widget_type=\"text-editor.default\">\n\t\t\t\t\t\t\t\t\t\t\t<p>The depth of the pomegranate \u2013 captured in a syrup that gives dishes and drinks a distinctive signature.<\/p>\t\t\t\t\t\t\t\t<\/div>\n\t\t\t\t<div class=\"elementor-element elementor-element-aa79404 elementor-align-center elementor-widget elementor-widget-button\" data-id=\"aa79404\" data-element_type=\"widget\" data-e-type=\"widget\" data-widget_type=\"button.default\">\n\t\t\t\t\t\t\t\t\t\t\t\t<a class=\"elementor-button elementor-button-link elementor-size-sm\" href=\"#elementor-action%3Aaction%3Dpopup%3Aopen%26settings%3DeyJpZCI6IjE5MjQiLCJ0b2dnbGUiOmZhbHNlfQ%3D%3D\">\n\t\t\t\t\t\t<span class=\"elementor-button-content-wrapper\">\n\t\t\t\t\t\t\t\t\t<span class=\"elementor-button-text\">Order syrup<\/span>\n\t\t\t\t\t<\/span>\n\t\t\t\t\t<\/a>\n\t\t\t\t\t\t\t\t<\/div>\n\t\t\t\t<\/div>\n\t\t\t\t\t<\/div>\n\t\t\t\t<\/div>\n\t\t\t\t<\/div>","protected":false},"excerpt":{"rendered":"<p>Genuss, der bleibt. Ob besondere Abende oder ausgew\u00e4hlte Produkte \u2013 mit Tablo verschenken Sie mehr als ein Geschenk: ein Gef\u00fchl. Gutschein Verschenken Sie mehr als ein Essen: einen Abend voller Geschmack, Atmosph\u00e4re und gemeinsamer Zeit im Tablo. Gutschein Bestellen Oliven\u00f6l Ein Hauch mediterraner K\u00fcche f\u00fcr Zuhause: Unser Oliven\u00f6l steht f\u00fcr Qualit\u00e4t, Charakter und die Aromen, [&hellip;]<\/p>\n","protected":false},"author":1,"featured_media":0,"parent":0,"menu_order":0,"comment_status":"closed","ping_status":"closed","template":"","meta":{"site-sidebar-layout":"no-sidebar","site-content-layout":"page-builder","ast-site-content-layout":"full-width-container","site-content-style":"unboxed","site-sidebar-style":"unboxed","ast-global-header-display":"","ast-banner-title-visibility":"","ast-main-header-display":"","ast-hfb-above-header-display":"","ast-hfb-below-header-display":"","ast-hfb-mobile-header-display":"","site-post-title":"disabled","ast-breadcrumbs-content":"","ast-featured-img":"disabled","footer-sml-layout":"","ast-disable-related-posts":"","theme-transparent-header-meta":"enabled","adv-header-id-meta":"","stick-header-meta":"","header-above-stick-meta":"","header-main-stick-meta":"","header-below-stick-meta":"","astra-migrate-meta-layouts":"set","ast-page-background-enabled":"default","ast-page-background-meta":{"desktop":{"background-color":"","background-image":"","background-repeat":"repeat","background-position":"center center","background-size":"auto","background-attachment":"scroll","background-type":"","background-media":"","overlay-type":"","overlay-color":"","overlay-opacity":"","overlay-gradient":""},"tablet":{"background-color":"","background-image":"","background-repeat":"repeat","background-position":"center center","background-size":"auto","background-attachment":"scroll","background-type":"","background-media":"","overlay-type":"","overlay-color":"","overlay-opacity":"","overlay-gradient":""},"mobile":{"background-color":"","background-image":"","background-repeat":"repeat","background-position":"center center","background-size":"auto","background-attachment":"scroll","background-type":"","background-media":"","overlay-type":"","overlay-color":"","overlay-opacity":"","overlay-gradient":""}},"ast-content-background-meta":{"desktop":{"background-color":"var(--ast-global-color-4)","background-image":"","background-repeat":"repeat","background-position":"center center","background-size":"auto","background-attachment":"scroll","background-type":"","background-media":"","overlay-type":"","overlay-color":"","overlay-opacity":"","overlay-gradient":""},"tablet":{"background-color":"var(--ast-global-color-4)","background-image":"","background-repeat":"repeat","background-position":"center center","background-size":"auto","background-attachment":"scroll","background-type":"","background-media":"","overlay-type":"","overlay-color":"","overlay-opacity":"","overlay-gradient":""},"mobile":{"background-color":"var(--ast-global-color-4)","background-image":"","background-repeat":"repeat","background-position":"center center","background-size":"auto","background-attachment":"scroll","background-type":"","background-media":"","overlay-type":"","overlay-color":"","overlay-opacity":"","overlay-gradient":""}},"footnotes":""},"class_list":["post-984","page","type-page","status-publish","hentry"],"aioseo_notices":[],"_links":{"self":[{"href":"https:\/\/tablo-restaurant.de\/en\/wp-json\/wp\/v2\/pages\/984","targetHints":{"allow":["GET"]}}],"collection":[{"href":"https:\/\/tablo-restaurant.de\/en\/wp-json\/wp\/v2\/pages"}],"about":[{"href":"https:\/\/tablo-restaurant.de\/en\/wp-json\/wp\/v2\/types\/page"}],"author":[{"embeddable":true,"href":"https:\/\/tablo-restaurant.de\/en\/wp-json\/wp\/v2\/users\/1"}],"replies":[{"embeddable":true,"href":"https:\/\/tablo-restaurant.de\/en\/wp-json\/wp\/v2\/comments?post=984"}],"version-history":[{"count":52,"href":"https:\/\/tablo-restaurant.de\/en\/wp-json\/wp\/v2\/pages\/984\/revisions"}],"predecessor-version":[{"id":1948,"href":"https:\/\/tablo-restaurant.de\/en\/wp-json\/wp\/v2\/pages\/984\/revisions\/1948"}],"wp:attachment":[{"href":"https:\/\/tablo-restaurant.de\/en\/wp-json\/wp\/v2\/media?parent=984"}],"curies":[{"name":"wp","href":"https:\/\/api.w.org\/{rel}","templated":true}]}}