{"id":1222,"date":"2026-03-27T09:11:42","date_gmt":"2026-03-27T09:11:42","guid":{"rendered":"https:\/\/heuristic-euler.92-205-185-44.plesk.page\/?page_id=1222"},"modified":"2026-04-23T09:40:38","modified_gmt":"2026-04-23T09:40:38","slug":"mittagskarte","status":"publish","type":"page","link":"https:\/\/tablo-restaurant.de\/en\/mittagskarte\/","title":{"rendered":"Lunch menu"},"content":{"rendered":"<div data-elementor-type=\"wp-page\" data-elementor-id=\"1222\" class=\"elementor elementor-1222\" data-elementor-post-type=\"page\">\n\t\t\t\t<div data-particle_enable=\"false\" data-particle-mobile-disabled=\"false\" class=\"elementor-element elementor-element-c21cc8e e-flex e-con-boxed e-con e-parent\" data-id=\"c21cc8e\" data-element_type=\"container\" data-e-type=\"container\" data-settings=\"{&quot;background_background&quot;:&quot;classic&quot;}\">\n\t\t\t\t\t<div class=\"e-con-inner\">\n\t\t<div data-particle_enable=\"false\" data-particle-mobile-disabled=\"false\" class=\"elementor-element elementor-element-6412bd00 e-con-full e-flex e-con e-child\" data-id=\"6412bd00\" data-element_type=\"container\" data-e-type=\"container\" data-settings=\"{&quot;background_background&quot;:&quot;classic&quot;}\">\n\t\t\t\t<div class=\"elementor-element elementor-element-4c49f9a2 elementor-widget elementor-widget-heading\" data-id=\"4c49f9a2\" data-element_type=\"widget\" data-e-type=\"widget\" data-widget_type=\"heading.default\">\n\t\t\t\t\t\t\t<h2 class=\"elementor-heading-title elementor-size-default\">Our lunch menu<\/h2>\t\t\t\t<\/div>\n\t\t\t\t<\/div>\n\t\t\t\t\t<\/div>\n\t\t\t\t<\/div>\n\t\t<div data-particle_enable=\"false\" data-particle-mobile-disabled=\"false\" class=\"elementor-element elementor-element-e8997f8 e-flex e-con-boxed e-con e-parent\" data-id=\"e8997f8\" data-element_type=\"container\" data-e-type=\"container\">\n\t\t\t\t\t<div class=\"e-con-inner\">\n\t\t<div data-particle_enable=\"false\" data-particle-mobile-disabled=\"false\" class=\"elementor-element elementor-element-9f17a73 e-con-full e-flex e-con e-child\" data-id=\"9f17a73\" data-element_type=\"container\" data-e-type=\"container\">\n\t\t\t\t<div class=\"elementor-element elementor-element-35179f8 elementor-widget elementor-widget-heading\" data-id=\"35179f8\" data-element_type=\"widget\" data-e-type=\"widget\" data-widget_type=\"heading.default\">\n\t\t\t\t\t\t\t<h2 class=\"elementor-heading-title elementor-size-default\">April 23, 2026<\/h2>\t\t\t\t<\/div>\n\t\t\t\t<div class=\"elementor-element elementor-element-951f4b1 elementor-widget elementor-widget-heading\" data-id=\"951f4b1\" data-element_type=\"widget\" data-e-type=\"widget\" data-widget_type=\"heading.default\">\n\t\t\t\t\t\t\t<h3 class=\"elementor-heading-title elementor-size-default\">Soup of the day<\/h3>\t\t\t\t<\/div>\n\t\t\t\t<div class=\"elementor-element elementor-element-4af3a6b8 elementor-widget elementor-widget-eael-price-menu\" data-id=\"4af3a6b8\" data-element_type=\"widget\" data-e-type=\"widget\" data-widget_type=\"eael-price-menu.default\">\n\t\t\t\t\t\t\t        <div class=\"eael-restaurant-menu eael-restaurant-menu-style-1\">\n            <div class=\"eael-restaurant-menu-items\">\n                                                        <div class=\"eael-restaurant-menu-item-wrap\">\n                                                <div class=\"eael-restaurant-menu-item\">\n                            \n                            <div class=\"eael-restaurant-menu-content\">\n                                <div class=\"eael-restaurant-menu-header\">\n                                                                            <h4 class=\"eael-restaurant-menu-title\">\n                                                                                        <span class=\"eael-restaurant-menu-title-text\">\n                                                Enginar Corbasi                                            <\/span>\n                                                                                    <\/h4>\n                                                                        \n                                                                        \n                                                                             <span class=\"eael-restaurant-menu-price\">\n                                                                                                                                               <span class=\"eael-restaurant-menu-price-discount\">\n                                                     13 \u20ac                                                 <\/span>\n                                             \n                                                                                      <\/span>\n                                                                      <\/div>\n                                 \n                                 \n                                 <div class=\"eael-restaurant-menu-description\">Artichoke soup<\/div>\n                                                             <\/div>\n                        <\/div>\n                                            <\/div>\n                            <\/div>\n        <\/div>\n        \t\t\t\t<\/div>\n\t\t\t\t<div class=\"elementor-element elementor-element-2454181 elementor-widget elementor-widget-heading\" data-id=\"2454181\" data-element_type=\"widget\" data-e-type=\"widget\" data-widget_type=\"heading.default\">\n\t\t\t\t\t\t\t<h3 class=\"elementor-heading-title elementor-size-default\">Daily special to choose from <\/h3>\t\t\t\t<\/div>\n\t\t\t\t<div class=\"elementor-element elementor-element-ed43e73 elementor-widget elementor-widget-eael-price-menu\" data-id=\"ed43e73\" data-element_type=\"widget\" data-e-type=\"widget\" data-widget_type=\"eael-price-menu.default\">\n\t\t\t\t\t\t\t        <div class=\"eael-restaurant-menu eael-restaurant-menu-style-1\">\n            <div class=\"eael-restaurant-menu-items\">\n                                                        <div class=\"eael-restaurant-menu-item-wrap\">\n                                                <div class=\"eael-restaurant-menu-item\">\n                            \n                            <div class=\"eael-restaurant-menu-content\">\n                                <div class=\"eael-restaurant-menu-header\">\n                                                                            <h4 class=\"eael-restaurant-menu-title\">\n                                                                                        <span class=\"eael-restaurant-menu-title-text\">\n                                                Izgarada Stek                                            <\/span>\n                                                                                    <\/h4>\n                                                                        \n                                                                        \n                                                                             <span class=\"eael-restaurant-menu-price\">\n                                                                                                                                               <span class=\"eael-restaurant-menu-price-discount\">\n                                                     19 \u20ac                                                 <\/span>\n                                             \n                                                                                      <\/span>\n                                                                      <\/div>\n                                 \n                                 \n                                 <div class=\"eael-restaurant-menu-description\">Grilled rump steak, chili-herb olive oil, oyster mushrooms<\/div>\n                                                             <\/div>\n                        <\/div>\n                                            <\/div>\n                                                        <div class=\"eael-restaurant-menu-item-wrap\">\n                                                <div class=\"eael-restaurant-menu-item\">\n                            \n                            <div class=\"eael-restaurant-menu-content\">\n                                <div class=\"eael-restaurant-menu-header\">\n                                                                            <h4 class=\"eael-restaurant-menu-title\">\n                                                                                        <span class=\"eael-restaurant-menu-title-text\">\n                                                Chili Tavuk G\u00f6\u011f\u00fc                                            <\/span>\n                                                                                    <\/h4>\n                                                                        \n                                                                        \n                                                                             <span class=\"eael-restaurant-menu-price\">\n                                                                                                                                               <span class=\"eael-restaurant-menu-price-discount\">\n                                                     18 \u20ac                                                 <\/span>\n                                             \n                                                                                      <\/span>\n                                                                      <\/div>\n                                 \n                                 \n                                 <div class=\"eael-restaurant-menu-description\">Grilled chicken breast, chili-white wine cream sauce, potatoes<\/div>\n                                                             <\/div>\n                        <\/div>\n                                            <\/div>\n                                                        <div class=\"eael-restaurant-menu-item-wrap\">\n                                                <div class=\"eael-restaurant-menu-item\">\n                            \n                            <div class=\"eael-restaurant-menu-content\">\n                                <div class=\"eael-restaurant-menu-header\">\n                                                                            <h4 class=\"eael-restaurant-menu-title\">\n                                                                                        <span class=\"eael-restaurant-menu-title-text\">\n                                                P\u0131rasa Yeme\u011fi                                            <\/span>\n                                                                                    <\/h4>\n                                                                        \n                                                                        \n                                                                             <span class=\"eael-restaurant-menu-price\">\n                                                                                                                                               <span class=\"eael-restaurant-menu-price-discount\">\n                                                     14 \u20ac                                                 <\/span>\n                                             \n                                                                                      <\/span>\n                                                                      <\/div>\n                                 \n                                 \n                                 <div class=\"eael-restaurant-menu-description\">Leeks with vegetables, rice in lemon sauce, yogurt<\/div>\n                                                             <\/div>\n                        <\/div>\n                                            <\/div>\n                            <\/div>\n        <\/div>\n        \t\t\t\t<\/div>\n\t\t\t\t<\/div>\n\t\t\t\t\t<\/div>\n\t\t\t\t<\/div>\n\t\t\t\t<\/div>","protected":false},"excerpt":{"rendered":"<p>Unsere Mittagskarte 23. April 2026 Tagessuppe Enginar Corbasi 13 \u20ac Artischockensuppe Tagesgericht zur Auswahl Izgarada Stek 19 \u20ac Rumpsteak vom Grill, Chili-Kr\u00e4uter-Oliven\u00f6l, Austernpilze Chili Tavuk G\u00f6\u011fs\u00fc 18 \u20ac Gegrillte H\u00e4hnchenbrust, Chili-Wei\u00dfwein-Sahnesauce, Kartoffeln P\u0131rasa Yeme\u011fi 14 \u20ac Lauch mit Gem\u00fcse, Reis in Zitronensauce, Joghurt<\/p>","protected":false},"author":1,"featured_media":0,"parent":0,"menu_order":0,"comment_status":"closed","ping_status":"closed","template":"","meta":{"site-sidebar-layout":"no-sidebar","site-content-layout":"page-builder","ast-site-content-layout":"full-width-container","site-content-style":"unboxed","site-sidebar-style":"unboxed","ast-global-header-display":"","ast-banner-title-visibility":"","ast-main-header-display":"","ast-hfb-above-header-display":"","ast-hfb-below-header-display":"","ast-hfb-mobile-header-display":"","site-post-title":"disabled","ast-breadcrumbs-content":"","ast-featured-img":"disabled","footer-sml-layout":"","ast-disable-related-posts":"","theme-transparent-header-meta":"enabled","adv-header-id-meta":"","stick-header-meta":"","header-above-stick-meta":"","header-main-stick-meta":"","header-below-stick-meta":"","astra-migrate-meta-layouts":"set","ast-page-background-enabled":"default","ast-page-background-meta":{"desktop":{"background-color":"","background-image":"","background-repeat":"repeat","background-position":"center center","background-size":"auto","background-attachment":"scroll","background-type":"","background-media":"","overlay-type":"","overlay-color":"","overlay-opacity":"","overlay-gradient":""},"tablet":{"background-color":"","background-image":"","background-repeat":"repeat","background-position":"center center","background-size":"auto","background-attachment":"scroll","background-type":"","background-media":"","overlay-type":"","overlay-color":"","overlay-opacity":"","overlay-gradient":""},"mobile":{"background-color":"","background-image":"","background-repeat":"repeat","background-position":"center center","background-size":"auto","background-attachment":"scroll","background-type":"","background-media":"","overlay-type":"","overlay-color":"","overlay-opacity":"","overlay-gradient":""}},"ast-content-background-meta":{"desktop":{"background-color":"var(--ast-global-color-4)","background-image":"","background-repeat":"repeat","background-position":"center center","background-size":"auto","background-attachment":"scroll","background-type":"","background-media":"","overlay-type":"","overlay-color":"","overlay-opacity":"","overlay-gradient":""},"tablet":{"background-color":"var(--ast-global-color-4)","background-image":"","background-repeat":"repeat","background-position":"center center","background-size":"auto","background-attachment":"scroll","background-type":"","background-media":"","overlay-type":"","overlay-color":"","overlay-opacity":"","overlay-gradient":""},"mobile":{"background-color":"var(--ast-global-color-4)","background-image":"","background-repeat":"repeat","background-position":"center center","background-size":"auto","background-attachment":"scroll","background-type":"","background-media":"","overlay-type":"","overlay-color":"","overlay-opacity":"","overlay-gradient":""}},"footnotes":""},"class_list":["post-1222","page","type-page","status-publish","hentry"],"aioseo_notices":[],"_links":{"self":[{"href":"https:\/\/tablo-restaurant.de\/en\/wp-json\/wp\/v2\/pages\/1222","targetHints":{"allow":["GET"]}}],"collection":[{"href":"https:\/\/tablo-restaurant.de\/en\/wp-json\/wp\/v2\/pages"}],"about":[{"href":"https:\/\/tablo-restaurant.de\/en\/wp-json\/wp\/v2\/types\/page"}],"author":[{"embeddable":true,"href":"https:\/\/tablo-restaurant.de\/en\/wp-json\/wp\/v2\/users\/1"}],"replies":[{"embeddable":true,"href":"https:\/\/tablo-restaurant.de\/en\/wp-json\/wp\/v2\/comments?post=1222"}],"version-history":[{"count":20,"href":"https:\/\/tablo-restaurant.de\/en\/wp-json\/wp\/v2\/pages\/1222\/revisions"}],"predecessor-version":[{"id":2000,"href":"https:\/\/tablo-restaurant.de\/en\/wp-json\/wp\/v2\/pages\/1222\/revisions\/2000"}],"wp:attachment":[{"href":"https:\/\/tablo-restaurant.de\/en\/wp-json\/wp\/v2\/media?parent=1222"}],"curies":[{"name":"wp","href":"https:\/\/api.w.org\/{rel}","templated":true}]}}